{"id":1422,"date":"2024-11-20T11:34:44","date_gmt":"2024-11-20T10:34:44","guid":{"rendered":"https:\/\/harmony-project.eu\/?page_id=1422"},"modified":"2025-05-22T22:27:47","modified_gmt":"2025-05-22T20:27:47","slug":"buone-pratiche","status":"publish","type":"page","link":"https:\/\/harmony-project.eu\/it\/buone-pratiche\/","title":{"rendered":"Buone pratiche"},"content":{"rendered":"<p>Il rapporto di benchmark costituisce il primo passo del progetto Harmony. \u00c8 stato sviluppato da tutti i partner del progetto.<\/p>\n<p>Il presente documento fa il punto sull\u2019utilizzo della giustizia riparativa nei conflitti su scala europea e internazionale e si propone di fornire le conoscenze pi\u00f9 recenti riguardo all\u2019utilizzo delle pratiche riparative come vettore per la gestione e la risoluzione dei conflitti di quartiere.<\/p>\n<p>Partecipa al processo di identificazione delle \u201cbuone pratiche\u201d e delle \u201cpratiche promettenti\u201d in quest&#8217;area e all&#8217;estrapolazione delle conoscenze per le fasi successive del progetto Harmony. In particolare, il rapporto di riferimento prefigura la fase di sviluppo e sperimentazione degli strumenti testati dagli operatori del settore.<\/p>\n<p>Inoltre, il rapporto contribuisce a informare il pubblico \u2013 cittadini, professionisti e decisori pubblici \u2013 sul potenziale dell\u2019utilizzo delle pratiche riparative come vettore principale e\/o complementare agli attuali metodi di risoluzione dei conflitti di quartiere.<\/p>\n<p>Il rapporto \u00e8 attualmente scaricabile in inglese che \u00e8 la lingua ufficiale del progetto Erasmus+ Harmony e sar\u00e0 presto reso disponibile nelle quattro lingue del progetto (inglese, francese, italiano e olandese).<\/p>\n","protected":false},"excerpt":{"rendered":"<p>Il rapporto di benchmark costituisce il primo passo del progetto Harmony. \u00c8 stato sviluppato da tutti i partner del progetto. Il presente documento fa il punto sull\u2019utilizzo della giustizia riparativa nei conflitti su scala europea e internazionale e si propone di fornire le conoscenze pi\u00f9 recenti riguardo all\u2019utilizzo delle pratiche riparative come vettore per la [&hellip;]<\/p>\n","protected":false},"author":1,"featured_media":668,"parent":0,"menu_order":3,"comment_status":"closed","ping_status":"closed","template":"","meta":{"_acf_changed":false,"_et_pb_use_builder":"","_et_pb_old_content":"","_et_gb_content_width":"","footnotes":""},"class_list":["post-1422","page","type-page","status-publish","has-post-thumbnail","hentry"],"acf":[],"_links":{"self":[{"href":"https:\/\/harmony-project.eu\/it\/wp-json\/wp\/v2\/pages\/1422","targetHints":{"allow":["GET"]}}],"collection":[{"href":"https:\/\/harmony-project.eu\/it\/wp-json\/wp\/v2\/pages"}],"about":[{"href":"https:\/\/harmony-project.eu\/it\/wp-json\/wp\/v2\/types\/page"}],"author":[{"embeddable":true,"href":"https:\/\/harmony-project.eu\/it\/wp-json\/wp\/v2\/users\/1"}],"replies":[{"embeddable":true,"href":"https:\/\/harmony-project.eu\/it\/wp-json\/wp\/v2\/comments?post=1422"}],"version-history":[{"count":1,"href":"https:\/\/harmony-project.eu\/it\/wp-json\/wp\/v2\/pages\/1422\/revisions"}],"predecessor-version":[{"id":1423,"href":"https:\/\/harmony-project.eu\/it\/wp-json\/wp\/v2\/pages\/1422\/revisions\/1423"}],"wp:featuredmedia":[{"embeddable":true,"href":"https:\/\/harmony-project.eu\/it\/wp-json\/wp\/v2\/media\/668"}],"wp:attachment":[{"href":"https:\/\/harmony-project.eu\/it\/wp-json\/wp\/v2\/media?parent=1422"}],"curies":[{"name":"wp","href":"https:\/\/api.w.org\/{rel}","templated":true}]}}