{"id":1410,"date":"2024-11-01T12:02:33","date_gmt":"2024-11-01T11:02:33","guid":{"rendered":"https:\/\/harmony-project.eu\/?page_id=1410"},"modified":"2025-05-22T22:14:50","modified_gmt":"2025-05-22T20:14:50","slug":"di","status":"publish","type":"page","link":"https:\/\/harmony-project.eu\/it\/di\/","title":{"rendered":"Di"},"content":{"rendered":"<p><strong>I residenti vivono meglio in un ambiente in cui si sentono sicuri, accettati e supportati quando incontrano difficolt\u00e0.<\/strong><\/p>\n<p>Il sentimento di appartenenza ad una comunit\u00e0 umana premurosa e impegnata per il benessere dei suoi membri \u00e8 un vettore essenziale di serenit\u00e0 e di pacificazione che contribuisce allo sviluppo e al mantenimento di relazioni sociali sane e solide.<\/p>\n<p>Parallelamente alle politiche pubbliche attuate a favore dell\u2019edilizia abitativa, della pianificazione urbana, della coesione sociale, della tranquillit\u00e0 pubblica, dell\u2019occupazione, della mobilit\u00e0 e persino dell\u2019accesso all\u2019istruzione e al tempo libero, <strong>il progetto HARMONY mira a sviluppare e rafforzare la convivenza in citt\u00e0 e in particolare nei quartieri di edilizia collettiva.<\/strong><\/p>\n<p>Il progetto mira a diffondere e applicare pratiche preventive e riparative al fine di prevenire e risolvere situazioni di conflitto di quartiere e di disturbo alla tranquillit\u00e0 residenziale in modo pi\u00f9 efficace e sostenibile. Ci\u00f2 va a beneficio dei residenti e degli operatori professionali e\/o volontari che intervengono in questo contesto.<\/p>\n<p>L\u2019impiego di strumenti, pratiche e atteggiamenti comportamentali nel campo della giustizia preventiva e riparativa costituisce una parte di questo processo globale dedicato al benessere sociale ed emotivo dei residenti.<\/p>\n<p>Guidato da un gruppo di quattro partner provenienti da tre paesi dell\u2019Unione Europea (Belgio, Francia e Italia) esperti nello sviluppo di pratiche riparative nei rispettivi territori, il progetto Harmony intende:<\/p>\n<ul>\n<li>Analizzare, capitalizzare e mappare pratiche ed esperienze preventive e riparatrici la cui applicazione al contesto dell&#8217;edilizia collettiva sarebbe rilevante per risolvere e prevenire meglio i conflitti quotidiani tra residenti e\/o tra residenti e professionisti;<\/li>\n<li>In collaborazione con professionisti sul campo, progetta e testa in condizioni reali un kit di interventi ispirati alla cultura preventiva e riparativa. Questo \u201cToolbox\u201d ha una dimensione transnazionale che facilita il suo dispiegamento in contesti di intervento corrispondenti a quelli dei membri del consorzio Harmony;<\/li>\n<li>Formare le parti interessate delle comunit\u00e0 di professionisti dell&#8217;animazione e della mediazione locale e gli operatori dell&#8217;edilizia abitativa a utilizzare gli strumenti del kit di intervento.<\/li>\n<li>Produrre un rapporto che valuti l&#8217;impatto degli strumenti e delle pratiche mobilitati come parte del kit di intervento sul benessere nei settori urbani integrati nell&#8217;esperimento sul campo.<\/li>\n<\/ul>\n<p>Il progetto dovrebbe consentire di evolvere le pratiche di mediazione e contribuire a spostare le citt\u00e0 verso un modello riparativo globale, al servizio delle interazioni pacifiche tra i cittadini.<\/p>\n<p>Durante il progetto, ciascun partner del progetto Harmony riunir\u00e0 regolarmente i residenti, i loro rappresentanti e i professionisti coinvolti nel campo dell\u2019edilizia collettiva per identificare i problemi incontrati, partecipare all\u2019emergere di soluzioni condivise per una migliore convivenza nei quartieri e facilitare l\u2019implementazione degli strumenti e delle pratiche del kit di intervento come parte dell\u2019esperimento sul campo.<\/p>\n<p>Il progetto Harmony \u00e8 un partenariato di cooperazione della durata di 27 mesi cofinanziato da Erasmus+ e dall&#8217;Unione Europea per l&#8217;educazione degli adulti.<\/p>\n","protected":false},"excerpt":{"rendered":"<p>I residenti vivono meglio in un ambiente in cui si sentono sicuri, accettati e supportati quando incontrano difficolt\u00e0. Il sentimento di appartenenza ad una comunit\u00e0 umana premurosa e impegnata per il benessere dei suoi membri \u00e8 un vettore essenziale di serenit\u00e0 e di pacificazione che contribuisce allo sviluppo e al mantenimento di relazioni sociali sane [&hellip;]<\/p>\n","protected":false},"author":1,"featured_media":393,"parent":0,"menu_order":1,"comment_status":"closed","ping_status":"closed","template":"","meta":{"_acf_changed":false,"_et_pb_use_builder":"off","_et_pb_old_content":"","_et_gb_content_width":"","footnotes":""},"class_list":["post-1410","page","type-page","status-publish","has-post-thumbnail","hentry"],"acf":[],"_links":{"self":[{"href":"https:\/\/harmony-project.eu\/it\/wp-json\/wp\/v2\/pages\/1410","targetHints":{"allow":["GET"]}}],"collection":[{"href":"https:\/\/harmony-project.eu\/it\/wp-json\/wp\/v2\/pages"}],"about":[{"href":"https:\/\/harmony-project.eu\/it\/wp-json\/wp\/v2\/types\/page"}],"author":[{"embeddable":true,"href":"https:\/\/harmony-project.eu\/it\/wp-json\/wp\/v2\/users\/1"}],"replies":[{"embeddable":true,"href":"https:\/\/harmony-project.eu\/it\/wp-json\/wp\/v2\/comments?post=1410"}],"version-history":[{"count":3,"href":"https:\/\/harmony-project.eu\/it\/wp-json\/wp\/v2\/pages\/1410\/revisions"}],"predecessor-version":[{"id":1413,"href":"https:\/\/harmony-project.eu\/it\/wp-json\/wp\/v2\/pages\/1410\/revisions\/1413"}],"wp:featuredmedia":[{"embeddable":true,"href":"https:\/\/harmony-project.eu\/it\/wp-json\/wp\/v2\/media\/393"}],"wp:attachment":[{"href":"https:\/\/harmony-project.eu\/it\/wp-json\/wp\/v2\/media?parent=1410"}],"curies":[{"name":"wp","href":"https:\/\/api.w.org\/{rel}","templated":true}]}}