{"id":843,"date":"2024-11-20T11:34:44","date_gmt":"2024-11-20T10:34:44","guid":{"rendered":"https:\/\/harmony.marti-lafond.com\/?page_id=843"},"modified":"2025-05-22T22:27:16","modified_gmt":"2025-05-22T20:27:16","slug":"les-bonnes-pratiques","status":"publish","type":"page","link":"https:\/\/harmony-project.eu\/fr\/les-bonnes-pratiques\/","title":{"rendered":"Les bonnes pratiques"},"content":{"rendered":"<p>Le rapport de benchmark constitue la premi\u00e8re \u00e9tape du projet Harmony. Il a \u00e9t\u00e9 \u00e9labor\u00e9 par l\u2019ensemble des partenaires du projet.<\/p>\n<p>Ce document dresse un \u00e9tat des lieux de l\u2019usage de la justice r\u00e9paratrice dans les conflits \u00e0 l\u2019\u00e9chelle europ\u00e9enne et internationale et vise \u00e0 fournir les connaissances les plus r\u00e9centes concernant le recourt aux pratiques r\u00e9paratrices comme vecteur de gestion et de r\u00e9solution des conflits de voisinage.<\/p>\n<p>Il participe au processus d\u2019identification des \u00ab\u00a0bonnes pratiques\u00a0\u00bb et des \u00ab\u00a0pratiques prometteuses\u00a0\u00bb dans ce domaine et d\u2019extrapolation des connaissances pour les prochaines \u00e9tapes du projet Harmony. Tout particuli\u00e8rement, le rapport de benchmark pr\u00e9figure l\u2019\u00e9tape d\u2019\u00e9laboration et d\u2019exp\u00e9rimentation de la bo\u00eete \u00e0 outils exp\u00e9riment\u00e9e par les praticiens de terrain.<\/p>\n<p>Par ailleurs, le rapport contribue \u00e0 l\u2019information du public \u2013 citoyens, professionnels et d\u00e9cideurs publics \u2013 quant au potentiel du recours aux pratiques restauratives comme vecteur principal et\/ou compl\u00e9mentaire aux modalit\u00e9s actuelles de r\u00e9solution des conflits de voisinage.<\/p>\n<p>Le rapport est actuellement t\u00e9l\u00e9chargeable en version anglaise qui est la langue officielle du projet Erasmus+ Harmony et sera prochainement rendu disponible dans les quatre langues du projet (Anglais, Fran\u00e7ais, Italien et N\u00e9erlandais).<\/p>\n","protected":false},"excerpt":{"rendered":"<p>Le rapport de benchmark constitue la premi\u00e8re \u00e9tape du projet Harmony. Il a \u00e9t\u00e9 \u00e9labor\u00e9 par l\u2019ensemble des partenaires du projet. Ce document dresse un \u00e9tat des lieux de l\u2019usage de la justice r\u00e9paratrice dans les conflits \u00e0 l\u2019\u00e9chelle europ\u00e9enne et internationale et vise \u00e0 fournir les connaissances les plus r\u00e9centes concernant le recourt aux [&hellip;]<\/p>\n","protected":false},"author":1,"featured_media":667,"parent":0,"menu_order":3,"comment_status":"closed","ping_status":"closed","template":"","meta":{"_acf_changed":false,"_et_pb_use_builder":"","_et_pb_old_content":"","_et_gb_content_width":"","footnotes":""},"class_list":["post-843","page","type-page","status-publish","has-post-thumbnail","hentry"],"acf":[],"_links":{"self":[{"href":"https:\/\/harmony-project.eu\/fr\/wp-json\/wp\/v2\/pages\/843","targetHints":{"allow":["GET"]}}],"collection":[{"href":"https:\/\/harmony-project.eu\/fr\/wp-json\/wp\/v2\/pages"}],"about":[{"href":"https:\/\/harmony-project.eu\/fr\/wp-json\/wp\/v2\/types\/page"}],"author":[{"embeddable":true,"href":"https:\/\/harmony-project.eu\/fr\/wp-json\/wp\/v2\/users\/1"}],"replies":[{"embeddable":true,"href":"https:\/\/harmony-project.eu\/fr\/wp-json\/wp\/v2\/comments?post=843"}],"version-history":[{"count":2,"href":"https:\/\/harmony-project.eu\/fr\/wp-json\/wp\/v2\/pages\/843\/revisions"}],"predecessor-version":[{"id":947,"href":"https:\/\/harmony-project.eu\/fr\/wp-json\/wp\/v2\/pages\/843\/revisions\/947"}],"wp:featuredmedia":[{"embeddable":true,"href":"https:\/\/harmony-project.eu\/fr\/wp-json\/wp\/v2\/media\/667"}],"wp:attachment":[{"href":"https:\/\/harmony-project.eu\/fr\/wp-json\/wp\/v2\/media?parent=843"}],"curies":[{"name":"wp","href":"https:\/\/api.w.org\/{rel}","templated":true}]}}