{"id":811,"date":"2024-10-30T21:39:27","date_gmt":"2024-10-30T20:39:27","guid":{"rendered":"https:\/\/harmony.marti-lafond.com\/?page_id=811"},"modified":"2026-04-02T17:23:01","modified_gmt":"2026-04-02T15:23:01","slug":"boite-a-outils","status":"publish","type":"page","link":"https:\/\/harmony-project.eu\/fr\/boite-a-outils\/","title":{"rendered":"La Boite \u00e0 outils"},"content":{"rendered":"<p>Des tensions surgissent partout o\u00f9 les gens vivent ensemble. Cela vaut \u00e9galement pour les quartiers dans lesquels nous vivons. Les conflits en eux-m\u00eames ne constituent pas le probl\u00e8me, mais la fa\u00e7on dont nous les g\u00e9rons l\u2019est souvent. Puisque les conflits feront toujours partie de notre existence et de notre exp\u00e9rience humaine, nous devons tous apprendre des strat\u00e9gies qui nous aident \u00e0 les g\u00e9rer de mani\u00e8re responsable.<\/p>\n<p>Un conflit bien g\u00e9r\u00e9 peut favoriser la croissance de nos relations et \u00e9tablir plus de confiance et de s\u00e9curit\u00e9. D\u2019un autre c\u00f4t\u00e9, un conflit qui n\u2019est pas trait\u00e9 correctement va s\u2019intensifier et nuire \u00e0 notre bien-\u00eatre, surtout lorsqu\u2019il se produit dans notre quartier. Nous pensons que chacun aspire \u00e0 la s\u00e9curit\u00e9 et \u00e0 l&rsquo;harmonie dans son environnement de vie, pour lui-m\u00eame et sa famille.<\/p>\n<p>Le projet Harmony vise \u00e0 d\u00e9velopper et renforcer l&rsquo;harmonie de vie au sein de la ville et des lieux de vivre-ensemble, notamment dans les quartiers d&rsquo;habitat social collectif, souvent marqu\u00e9s par les difficult\u00e9s et la pr\u00e9carit\u00e9. <strong>Cette bo\u00eete \u00e0 outils vise \u00e0 promouvoir et mettre en \u0153uvre des pratiques r\u00e9paratrices pour pr\u00e9venir et r\u00e9soudre plus efficacement et durablement les situations de conflits de voisinage, de troubles \u00e0 la paix r\u00e9sidentielle et, plus largement, \u00e0 la tranquillit\u00e9 publique.<\/strong><\/p>\n<p>Cette bo\u00eete \u00e0 outils, qui est actuellement test\u00e9e en conditions r\u00e9elles, ne zoomera pas sur le contexte th\u00e9orique. Il se veut avant tout un instrument pratique qui d\u00e9montre son int\u00e9r\u00eat sur le terrain pour tous ceux qui souhaitent b\u00e2tir un cadre de vie plus harmonieux.<\/p>\n<p>Dans le contexte du projet Harmony, nous utilisons cette d\u00e9finition simple : les pratiques r\u00e9paratrices sont la science et la pratique du renforcement et de la r\u00e9paration des relations entre les individus et au sein des communaut\u00e9s auxquelles ils appartiennent.<\/p>\n","protected":false},"excerpt":{"rendered":"<p>Des tensions surgissent partout o\u00f9 les gens vivent ensemble. Cela vaut \u00e9galement pour les quartiers dans lesquels nous vivons. Les conflits en eux-m\u00eames ne constituent pas le probl\u00e8me, mais la fa\u00e7on dont nous les g\u00e9rons l\u2019est souvent. Puisque les conflits feront toujours partie de notre existence et de notre exp\u00e9rience humaine, nous devons tous apprendre [&hellip;]<\/p>\n","protected":false},"author":1,"featured_media":671,"parent":0,"menu_order":4,"comment_status":"closed","ping_status":"closed","template":"","meta":{"_acf_changed":false,"_et_pb_use_builder":"off","_et_pb_old_content":"","_et_gb_content_width":"","footnotes":""},"class_list":["post-811","page","type-page","status-publish","has-post-thumbnail","hentry"],"acf":[],"_links":{"self":[{"href":"https:\/\/harmony-project.eu\/fr\/wp-json\/wp\/v2\/pages\/811","targetHints":{"allow":["GET"]}}],"collection":[{"href":"https:\/\/harmony-project.eu\/fr\/wp-json\/wp\/v2\/pages"}],"about":[{"href":"https:\/\/harmony-project.eu\/fr\/wp-json\/wp\/v2\/types\/page"}],"author":[{"embeddable":true,"href":"https:\/\/harmony-project.eu\/fr\/wp-json\/wp\/v2\/users\/1"}],"replies":[{"embeddable":true,"href":"https:\/\/harmony-project.eu\/fr\/wp-json\/wp\/v2\/comments?post=811"}],"version-history":[{"count":5,"href":"https:\/\/harmony-project.eu\/fr\/wp-json\/wp\/v2\/pages\/811\/revisions"}],"predecessor-version":[{"id":1686,"href":"https:\/\/harmony-project.eu\/fr\/wp-json\/wp\/v2\/pages\/811\/revisions\/1686"}],"wp:featuredmedia":[{"embeddable":true,"href":"https:\/\/harmony-project.eu\/fr\/wp-json\/wp\/v2\/media\/671"}],"wp:attachment":[{"href":"https:\/\/harmony-project.eu\/fr\/wp-json\/wp\/v2\/media?parent=811"}],"curies":[{"name":"wp","href":"https:\/\/api.w.org\/{rel}","templated":true}]}}