{"id":806,"date":"2024-11-01T12:02:33","date_gmt":"2024-11-01T11:02:33","guid":{"rendered":"https:\/\/harmony.marti-lafond.com\/?page_id=806"},"modified":"2025-05-22T22:14:10","modified_gmt":"2025-05-22T20:14:10","slug":"a-propos","status":"publish","type":"page","link":"https:\/\/harmony-project.eu\/fr\/a-propos\/","title":{"rendered":"A propos"},"content":{"rendered":"<p><strong>Les habitants vivent mieux dans un environnement dans lequel ils se sentent en s\u00e9curit\u00e9, accept\u00e9s et soutenus lorsqu\u2019ils rencontrent de la difficult\u00e9.\u00a0<\/strong><\/p>\n<p>Le sentiment d\u2019appartenance \u00e0 une communaut\u00e9 humaine bienveillante et attach\u00e9e au bien-\u00eatre de ses membres est un vecteur essentiel de s\u00e9r\u00e9nit\u00e9 et d\u2019apaisement qui contribue \u00e0 l\u2019essor et au maintien de relations sociales saines et solides.<\/p>\n<p>En parall\u00e8le des politiques publiques mises en \u0153uvre en faveur du logement, de l\u2019am\u00e9nagement urbain, de la coh\u00e9sion sociale, de la tranquillit\u00e9 publique, de l\u2019emploi, des mobilit\u00e9s ou encore de l\u2019acc\u00e8s \u00e0 l\u2019\u00e9ducation et aux loisirs, <strong>le projet HARMONY a pour ambition de d\u00e9velopper et de renforcer le bien vivre ensemble dans la ville et en particulier dans les quartiers d\u2019habitat collectif.<\/strong><\/p>\n<p>Le projet vise \u00e0 diffuser et appliquer <strong>les pratiques pr\u00e9ventives et restauratives<\/strong> en vue de pr\u00e9venir et de r\u00e9soudre plus efficacement et durablement les situations de conflits de voisinage, de troubles \u00e0 la tranquillit\u00e9 r\u00e9sidentielle. Cela au b\u00e9n\u00e9fice des habitants et des praticiens professionnels et\/ou b\u00e9n\u00e9voles qui interviennent dans ce contexte.<\/p>\n<p>Le d\u00e9ploiement des outils, des pratiques et des postures comportementales issues du champ de la justice pr\u00e9ventive et restaurative constitue un pan de ce processus global d\u00e9di\u00e9 au bien-\u00eatre social et \u00e9motionnel des habitants.<\/p>\n<p>Pilot\u00e9 par un groupement de quatre partenaires issus de trois pays de l\u2019Union europ\u00e9enne (Belgique, France et Italie) exp\u00e9riment\u00e9s dans le d\u00e9veloppement des pratiques restauratives dans leurs territoires respectifs, le projet Harmony entend :<\/p>\n<ul>\n<li aria-level=\"1\">Analyser, capitaliser et cartographier les pratiques et exp\u00e9riences pr\u00e9ventives et restauratives dont l\u2019application au contexte de l\u2019habitat collectif serait pertinente pour mieux solutionner et pr\u00e9venir les conflits du quotidien entre habitants et\/ou entre habitants et praticiens\u00a0;<\/li>\n<li aria-level=\"1\">En partenariat avec les praticiens de terrain, concevoir et tester en conditions r\u00e9elles un kit d\u2019interventions inspir\u00e9es de la culture pr\u00e9ventive et restaurative. Cette \u00ab\u00a0Bo\u00eete \u00e0 outils\u00a0\u00bb dispose d\u2019une dimension transnationale facilitant son d\u00e9ploiement dans les contextes d\u2019intervention correspondant \u00e0 ceux des membres du consortium Harmony\u00a0;<\/li>\n<li aria-level=\"1\">Former \u00e0 l\u2019usage des outils issus du kit d\u2019interventions les acteurs des communaut\u00e9s de praticiens de l\u2019animation et de la m\u00e9diation de proximit\u00e9 et des op\u00e9rateurs de logement.<\/li>\n<li aria-level=\"1\">Produire un rapport d\u2019\u00e9valuation de l\u2019impact des outils et pratiques mobilis\u00e9es dans le cadre du kit d\u2019interventions sur le bien-vivre dans les secteurs de ville int\u00e9gr\u00e9s \u00e0 l&rsquo;exp\u00e9rimentation de terrain.<\/li>\n<\/ul>\n<p>Le projet doit permettre de faire \u00e9voluer les pratiques de m\u00e9diation et contribuer \u00e0 faire \u00e9voluer les villes vers un mod\u00e8le restauratif global, au service d\u2019interactions apais\u00e9es entre citoyens<\/p>\n<p>Au cours du projet, chaque partenaire du projet Harmony r\u00e9unira r\u00e9guli\u00e8rement les habitants, leurs repr\u00e9sentants et les praticiens professionnels impliqu\u00e9s dans le domaine de l\u2019habitat collectif pour identifier les probl\u00e9matiques rencontr\u00e9es, participer \u00e0 l\u2019\u00e9mergence de solutions partag\u00e9es en mati\u00e8re de mieux-vivre ensemble dans les quartiers et faciliter la mise en \u0153uvre des outils et des pratiques issues du kit d\u2019interventions dans le cadre de l\u2019exp\u00e9rimentation de terrain.<\/p>\n<p>Le projet Harmony est un partenariat de coop\u00e9ration de 27 mois cofinanc\u00e9 par Erasmus+ et l\u2019Union europ\u00e9enne au titre de l\u2019\u00e9ducation des adultes.<\/p>\n","protected":false},"excerpt":{"rendered":"<p>Les habitants vivent mieux dans un environnement dans lequel ils se sentent en s\u00e9curit\u00e9, accept\u00e9s et soutenus lorsqu\u2019ils rencontrent de la difficult\u00e9.\u00a0 Le sentiment d\u2019appartenance \u00e0 une communaut\u00e9 humaine bienveillante et attach\u00e9e au bien-\u00eatre de ses membres est un vecteur essentiel de s\u00e9r\u00e9nit\u00e9 et d\u2019apaisement qui contribue \u00e0 l\u2019essor et au maintien de relations sociales [&hellip;]<\/p>\n","protected":false},"author":1,"featured_media":392,"parent":0,"menu_order":1,"comment_status":"closed","ping_status":"closed","template":"","meta":{"_acf_changed":false,"_et_pb_use_builder":"off","_et_pb_old_content":"","_et_gb_content_width":"","footnotes":""},"class_list":["post-806","page","type-page","status-publish","has-post-thumbnail","hentry"],"acf":[],"_links":{"self":[{"href":"https:\/\/harmony-project.eu\/fr\/wp-json\/wp\/v2\/pages\/806","targetHints":{"allow":["GET"]}}],"collection":[{"href":"https:\/\/harmony-project.eu\/fr\/wp-json\/wp\/v2\/pages"}],"about":[{"href":"https:\/\/harmony-project.eu\/fr\/wp-json\/wp\/v2\/types\/page"}],"author":[{"embeddable":true,"href":"https:\/\/harmony-project.eu\/fr\/wp-json\/wp\/v2\/users\/1"}],"replies":[{"embeddable":true,"href":"https:\/\/harmony-project.eu\/fr\/wp-json\/wp\/v2\/comments?post=806"}],"version-history":[{"count":1,"href":"https:\/\/harmony-project.eu\/fr\/wp-json\/wp\/v2\/pages\/806\/revisions"}],"predecessor-version":[{"id":807,"href":"https:\/\/harmony-project.eu\/fr\/wp-json\/wp\/v2\/pages\/806\/revisions\/807"}],"wp:featuredmedia":[{"embeddable":true,"href":"https:\/\/harmony-project.eu\/fr\/wp-json\/wp\/v2\/media\/392"}],"wp:attachment":[{"href":"https:\/\/harmony-project.eu\/fr\/wp-json\/wp\/v2\/media?parent=806"}],"curies":[{"name":"wp","href":"https:\/\/api.w.org\/{rel}","templated":true}]}}